{"id":5004,"date":"2024-09-28T11:58:49","date_gmt":"2024-09-28T11:58:49","guid":{"rendered":"https:\/\/www.wattthehealth.be\/telecharger-lapercu-merci\/"},"modified":"2024-09-28T12:08:57","modified_gmt":"2024-09-28T12:08:57","slug":"telecharger-lapercu-merci","status":"publish","type":"page","link":"https:\/\/www.wattthehealth.be\/fr\/telecharger-lapercu-merci\/","title":{"rendered":"T\u00e9l\u00e9charger l&rsquo;aper\u00e7u Merci"},"content":{"rendered":"<p>[et_pb_section fb_built=\u00a0\u00bb1&Prime; _builder_version=\u00a0\u00bb4.21.0&Prime; _module_preset=\u00a0\u00bbdefault\u00a0\u00bb min_height=\u00a0\u00bb100vh\u00a0\u00bb custom_css_main_element=\u00a0\u00bbdisplay: flex;\u00a0\u00bb global_colors_info=\u00a0\u00bb{}\u00a0\u00bb][et_pb_row custom_padding_last_edited=\u00a0\u00bbon|phone\u00a0\u00bb _builder_version=\u00a0\u00bb4.21.0&Prime; _module_preset=\u00a0\u00bbdefault\u00a0\u00bb background_image=\u00a0\u00bb\/wp-content\/themes\/Divi\/images\/bg_green_title.svg\u00a0\u00bb background_position=\u00a0\u00bbtop_center\u00a0\u00bb width=\u00a0\u00bb100%\u00a0\u00bb max_width=\u00a0\u00bb980px\u00a0\u00bb custom_padding=\u00a0\u00bb5rem|30px|4rem|30px|false|false\u00a0\u00bb custom_padding_tablet=\u00a0\u00bb5rem|30px|4rem|30px|false|false\u00a0\u00bb custom_padding_phone=\u00a0\u00bb|20px||20px|false|false\u00a0\u00bb global_colors_info=\u00a0\u00bb{}\u00a0\u00bb][et_pb_column type=\u00a0\u00bb4_4&Prime; _builder_version=\u00a0\u00bb4.21.0&Prime; _module_preset=\u00a0\u00bbdefault\u00a0\u00bb global_colors_info=\u00a0\u00bb{}\u00a0\u00bb][et_pb_text module_class=\u00a0\u00bbjs-fade-in\u00a0\u00bb _builder_version=\u00a0\u00bb4.21.0&Prime; _module_preset=\u00a0\u00bba4834585-283e-46d3-9cd7-1c855defed82&Prime; header_2_font=\u00a0\u00bbrigid-square-semi-bold|||on|||||\u00a0\u00bb header_2_text_align=\u00a0\u00bbcenter\u00a0\u00bb custom_margin=\u00a0\u00bb||0.5rem||false|false\u00a0\u00bb global_colors_info=\u00a0\u00bb{}\u00a0\u00bb]<\/p>\n<h2>Merci !<\/h2>\n<p>[\/et_pb_text][et_pb_text module_class=\u00a0\u00bbjs-fade-in\u00a0\u00bb _builder_version=\u00a0\u00bb4.21.0&Prime; _module_preset=\u00a0\u00bba4834585-283e-46d3-9cd7-1c855defed82&Prime; header_2_font=\u00a0\u00bbrigid-square-semi-bold|||on|||||\u00a0\u00bb header_2_text_align=\u00a0\u00bbcenter\u00a0\u00bb text_orientation=\u00a0\u00bbcenter\u00a0\u00bb hover_enabled=\u00a0\u00bb0&Prime; global_colors_info=\u00a0\u00bb{}\u00a0\u00bb custom_margin_last_edited=\u00a0\u00bbon|phone\u00a0\u00bb custom_margin_phone=\u00a0\u00bb||1rem||false|false\u00a0\u00bb sticky_enabled=\u00a0\u00bb0&Prime;]<\/p>\n<p>Nous vous remercions de votre int\u00e9r\u00eat.<br \/>Vous pouvez visualiser le fichier en utilisant le bouton ci-dessous.<\/p>\n<p>[\/et_pb_text][et_pb_button button_url=\u00a0\u00bb\/wp-content\/uploads\/2023\/12\/WTH_servicemenu.pdf\u00a0\u00bb button_text=\u00a0\u00bbT\u00e9l\u00e9charger l&#039;aper\u00e7u\u00a0\u00bb button_alignment=\u00a0\u00bbcenter\u00a0\u00bb _builder_version=\u00a0\u00bb4.21.0&Prime; _module_preset=\u00a0\u00bb0af41938-d4ba-4fff-a320-696f62274931&Prime; hover_enabled=\u00a0\u00bb0&Prime; global_colors_info=\u00a0\u00bb{}\u00a0\u00bb url_new_window=\u00a0\u00bbon\u00a0\u00bb sticky_enabled=\u00a0\u00bb0&Prime;][\/et_pb_button][et_pb_button button_url=\u00a0\u00bb@ET-DC@eyJkeW5hbWljIjp0cnVlLCJjb250ZW50IjoiaG9tZV91cmwiLCJzZXR0aW5ncyI6W119@\u00a0\u00bb button_text=\u00a0\u00bbAller \u00e0 l&#039;accueil\u00a0\u00bb button_alignment=\u00a0\u00bbcenter\u00a0\u00bb _builder_version=\u00a0\u00bb4.21.0&Prime; _dynamic_attributes=\u00a0\u00bbbutton_url\u00a0\u00bb _module_preset=\u00a0\u00bb0af41938-d4ba-4fff-a320-696f62274931&Prime; button_text_size=\u00a0\u00bb16px\u00a0\u00bb button_border_width=\u00a0\u00bb0px\u00a0\u00bb button_font=\u00a0\u00bbrigid-square-bold|||on|on|||#000000|\u00a0\u00bb custom_margin=\u00a0\u00bb1rem||0px||false|false\u00a0\u00bb hover_enabled=\u00a0\u00bb0&Prime; global_colors_info=\u00a0\u00bb{}\u00a0\u00bb sticky_enabled=\u00a0\u00bb0&Prime; button_text_size_tablet=\u00a0\u00bb15px\u00a0\u00bb button_border_width_tablet=\u00a0\u00bb0px\u00a0\u00bb button_border_width_last_edited=\u00a0\u00bbon|phone\u00a0\u00bb custom_margin_last_edited=\u00a0\u00bbon|phone\u00a0\u00bb custom_margin_phone=\u00a0\u00bb0.5rem||0px||false|false\u00a0\u00bb button_text_size_phone=\u00a0\u00bb13px\u00a0\u00bb button_border_width_phone=\u00a0\u00bb0px\u00a0\u00bb custom_margin_tablet=\u00a0\u00bb1rem||0px||false|false\u00a0\u00bb][\/et_pb_button][\/et_pb_column][\/et_pb_row][\/et_pb_section]<\/p>\n","protected":false},"excerpt":{"rendered":"<p>Merci !Nous vous remercions de votre int\u00e9r\u00eat.Vous pouvez visualiser le fichier en utilisant le bouton ci-dessous.<\/p>\n","protected":false},"author":1,"featured_media":0,"parent":0,"menu_order":0,"comment_status":"closed","ping_status":"closed","template":"","meta":{"_et_pb_use_builder":"on","_et_pb_old_content":"","_et_gb_content_width":"","inline_featured_image":false,"footnotes":""},"class_list":["post-5004","page","type-page","status-publish","hentry"],"yoast_head":"<!-- This site is optimized with the Yoast SEO plugin v27.4 - https:\/\/yoast.com\/product\/yoast-seo-wordpress\/ -->\n<title>T\u00e9l\u00e9charger l&#039;aper\u00e7u Merci - Wattthehealth<\/title>\n<meta name=\"robots\" content=\"noindex, follow, max-snippet:-1, max-image-preview:large, max-video-preview:-1\" \/>\n<meta property=\"og:locale\" content=\"fr_FR\" \/>\n<meta property=\"og:type\" content=\"article\" \/>\n<meta property=\"og:title\" content=\"T\u00e9l\u00e9charger l&#039;aper\u00e7u Merci - Wattthehealth\" \/>\n<meta property=\"og:description\" content=\"Merci !Nous vous remercions de votre int\u00e9r\u00eat.Vous pouvez visualiser le fichier en utilisant le bouton ci-dessous.\" \/>\n<meta property=\"og:url\" content=\"https:\/\/www.wattthehealth.be\/fr\/telecharger-lapercu-merci\/\" \/>\n<meta property=\"og:site_name\" content=\"Wattthehealth\" \/>\n<meta property=\"article:modified_time\" content=\"2024-09-28T12:08:57+00:00\" \/>\n<meta name=\"twitter:card\" content=\"summary_large_image\" \/>\n<meta name=\"twitter:label1\" content=\"Est. reading time\" \/>\n\t<meta name=\"twitter:data1\" content=\"2 minutes\" \/>\n<script type=\"application\/ld+json\" class=\"yoast-schema-graph\">{\"@context\":\"https:\\\/\\\/schema.org\",\"@graph\":[{\"@type\":\"WebPage\",\"@id\":\"https:\\\/\\\/www.wattthehealth.be\\\/fr\\\/telecharger-lapercu-merci\\\/\",\"url\":\"https:\\\/\\\/www.wattthehealth.be\\\/fr\\\/telecharger-lapercu-merci\\\/\",\"name\":\"T\u00e9l\u00e9charger l'aper\u00e7u Merci - Wattthehealth\",\"isPartOf\":{\"@id\":\"https:\\\/\\\/www.wattthehealth.be\\\/fr\\\/#website\"},\"datePublished\":\"2024-09-28T11:58:49+00:00\",\"dateModified\":\"2024-09-28T12:08:57+00:00\",\"breadcrumb\":{\"@id\":\"https:\\\/\\\/www.wattthehealth.be\\\/fr\\\/telecharger-lapercu-merci\\\/#breadcrumb\"},\"inLanguage\":\"fr-FR\",\"potentialAction\":[{\"@type\":\"ReadAction\",\"target\":[\"https:\\\/\\\/www.wattthehealth.be\\\/fr\\\/telecharger-lapercu-merci\\\/\"]}]},{\"@type\":\"BreadcrumbList\",\"@id\":\"https:\\\/\\\/www.wattthehealth.be\\\/fr\\\/telecharger-lapercu-merci\\\/#breadcrumb\",\"itemListElement\":[{\"@type\":\"ListItem\",\"position\":1,\"name\":\"Home\",\"item\":\"https:\\\/\\\/www.wattthehealth.be\\\/fr\\\/\"},{\"@type\":\"ListItem\",\"position\":2,\"name\":\"T\u00e9l\u00e9charger l&rsquo;aper\u00e7u Merci\"}]},{\"@type\":\"WebSite\",\"@id\":\"https:\\\/\\\/www.wattthehealth.be\\\/fr\\\/#website\",\"url\":\"https:\\\/\\\/www.wattthehealth.be\\\/fr\\\/\",\"name\":\"Wattthehealth\",\"description\":\"Plug into a healthy business world with watt the health\",\"potentialAction\":[{\"@type\":\"SearchAction\",\"target\":{\"@type\":\"EntryPoint\",\"urlTemplate\":\"https:\\\/\\\/www.wattthehealth.be\\\/fr\\\/?s={search_term_string}\"},\"query-input\":{\"@type\":\"PropertyValueSpecification\",\"valueRequired\":true,\"valueName\":\"search_term_string\"}}],\"inLanguage\":\"fr-FR\"}]}<\/script>\n<!-- \/ Yoast SEO plugin. -->","yoast_head_json":{"title":"T\u00e9l\u00e9charger l'aper\u00e7u Merci - Wattthehealth","robots":{"index":"noindex","follow":"follow","max-snippet":"max-snippet:-1","max-image-preview":"max-image-preview:large","max-video-preview":"max-video-preview:-1"},"og_locale":"fr_FR","og_type":"article","og_title":"T\u00e9l\u00e9charger l'aper\u00e7u Merci - Wattthehealth","og_description":"Merci !Nous vous remercions de votre int\u00e9r\u00eat.Vous pouvez visualiser le fichier en utilisant le bouton ci-dessous.","og_url":"https:\/\/www.wattthehealth.be\/fr\/telecharger-lapercu-merci\/","og_site_name":"Wattthehealth","article_modified_time":"2024-09-28T12:08:57+00:00","twitter_card":"summary_large_image","twitter_misc":{"Est. reading time":"2 minutes"},"schema":{"@context":"https:\/\/schema.org","@graph":[{"@type":"WebPage","@id":"https:\/\/www.wattthehealth.be\/fr\/telecharger-lapercu-merci\/","url":"https:\/\/www.wattthehealth.be\/fr\/telecharger-lapercu-merci\/","name":"T\u00e9l\u00e9charger l'aper\u00e7u Merci - Wattthehealth","isPartOf":{"@id":"https:\/\/www.wattthehealth.be\/fr\/#website"},"datePublished":"2024-09-28T11:58:49+00:00","dateModified":"2024-09-28T12:08:57+00:00","breadcrumb":{"@id":"https:\/\/www.wattthehealth.be\/fr\/telecharger-lapercu-merci\/#breadcrumb"},"inLanguage":"fr-FR","potentialAction":[{"@type":"ReadAction","target":["https:\/\/www.wattthehealth.be\/fr\/telecharger-lapercu-merci\/"]}]},{"@type":"BreadcrumbList","@id":"https:\/\/www.wattthehealth.be\/fr\/telecharger-lapercu-merci\/#breadcrumb","itemListElement":[{"@type":"ListItem","position":1,"name":"Home","item":"https:\/\/www.wattthehealth.be\/fr\/"},{"@type":"ListItem","position":2,"name":"T\u00e9l\u00e9charger l&rsquo;aper\u00e7u Merci"}]},{"@type":"WebSite","@id":"https:\/\/www.wattthehealth.be\/fr\/#website","url":"https:\/\/www.wattthehealth.be\/fr\/","name":"Wattthehealth","description":"Plug into a healthy business world with watt the health","potentialAction":[{"@type":"SearchAction","target":{"@type":"EntryPoint","urlTemplate":"https:\/\/www.wattthehealth.be\/fr\/?s={search_term_string}"},"query-input":{"@type":"PropertyValueSpecification","valueRequired":true,"valueName":"search_term_string"}}],"inLanguage":"fr-FR"}]}},"_links":{"self":[{"href":"https:\/\/www.wattthehealth.be\/fr\/wp-json\/wp\/v2\/pages\/5004","targetHints":{"allow":["GET"]}}],"collection":[{"href":"https:\/\/www.wattthehealth.be\/fr\/wp-json\/wp\/v2\/pages"}],"about":[{"href":"https:\/\/www.wattthehealth.be\/fr\/wp-json\/wp\/v2\/types\/page"}],"author":[{"embeddable":true,"href":"https:\/\/www.wattthehealth.be\/fr\/wp-json\/wp\/v2\/users\/1"}],"replies":[{"embeddable":true,"href":"https:\/\/www.wattthehealth.be\/fr\/wp-json\/wp\/v2\/comments?post=5004"}],"version-history":[{"count":2,"href":"https:\/\/www.wattthehealth.be\/fr\/wp-json\/wp\/v2\/pages\/5004\/revisions"}],"predecessor-version":[{"id":5006,"href":"https:\/\/www.wattthehealth.be\/fr\/wp-json\/wp\/v2\/pages\/5004\/revisions\/5006"}],"wp:attachment":[{"href":"https:\/\/www.wattthehealth.be\/fr\/wp-json\/wp\/v2\/media?parent=5004"}],"curies":[{"name":"wp","href":"https:\/\/api.w.org\/{rel}","templated":true}]}}